{"id":69,"date":"2025-10-26T09:20:18","date_gmt":"2025-10-26T09:20:18","guid":{"rendered":"https:\/\/formationsavoie.com\/?page_id=69"},"modified":"2026-03-27T09:00:12","modified_gmt":"2026-03-27T09:00:12","slug":"equipier-de-premier-intervention","status":"publish","type":"page","link":"https:\/\/formationsavoie.com\/index.php\/equipier-de-premier-intervention\/","title":{"rendered":"Risque incendie"},"content":{"rendered":"\n<h2 class=\"wp-block-heading has-text-align-center\"><strong>\u00e9quipier de premi\u00e8re intervention<\/strong><\/h2>\n\n\n<div class=\"wp-block-image\">\n<figure class=\"aligncenter is-resized\"><img loading=\"lazy\" decoding=\"async\" width=\"1920\" height=\"700\" src=\"https:\/\/formationsavoie.com\/wp-content\/uploads\/2025\/10\/formation-securite-incendie.jpg\" alt=\"\" class=\"wp-image-43\" style=\"width:633px;height:auto\" srcset=\"https:\/\/formationsavoie.com\/wp-content\/uploads\/2025\/10\/formation-securite-incendie.jpg 1920w, https:\/\/formationsavoie.com\/wp-content\/uploads\/2025\/10\/formation-securite-incendie-300x109.jpg 300w, https:\/\/formationsavoie.com\/wp-content\/uploads\/2025\/10\/formation-securite-incendie-1024x373.jpg 1024w, https:\/\/formationsavoie.com\/wp-content\/uploads\/2025\/10\/formation-securite-incendie-768x280.jpg 768w, https:\/\/formationsavoie.com\/wp-content\/uploads\/2025\/10\/formation-securite-incendie-1536x560.jpg 1536w\" sizes=\"auto, (max-width: 1920px) 100vw, 1920px\" \/><\/figure>\n<\/div>\n\n\n<div style=\"height:100px\" aria-hidden=\"true\" class=\"wp-block-spacer\"><\/div>\n\n\n\n<p class=\"has-text-align-left\" style=\"font-size:30px\"><strong><mark style=\"background-color:#cf2e2e\" class=\"has-inline-color\">Objectifs de la formation:<\/mark><\/strong><\/p>\n\n\n\n<p>Afin de pr\u00e9server le capital humain et votre outil de travail, vous serez capable  de ma\u00eetriser un d\u00e9part de feu, proc\u00e9der \u00e0 l&rsquo;\u00e9vacuation et favoriser l&rsquo;intervention des secours, tout en appliquant les consignes de l&rsquo;\u00e9tablissement.<\/p>\n\n\n\n<p class=\"has-text-align-left\" style=\"font-size:30px\"><strong><mark style=\"background-color:#cf2e2e\" class=\"has-inline-color\">D\u00e9roul\u00e9 de la formation:<\/mark><\/strong><\/p>\n\n\n\n<ul class=\"wp-block-list\">\n<li>Approche th\u00e9orique du syst\u00e8me feu.\n<ul class=\"wp-block-list\">\n<li>Les causes d&rsquo;un incendie et ses effets sur l\u00a0\u00bbhomme.<\/li>\n\n\n\n<li>Le triangle du feu.<\/li>\n\n\n\n<li>Les diff\u00e9rents modes de propagations.<\/li>\n\n\n\n<li>Les classes de feu et les diff\u00e9rents modes d&rsquo;extinction.<\/li>\n\n\n\n<li>Les principes de l&rsquo;\u00e9vacuation.<\/li>\n<\/ul>\n<\/li>\n\n\n\n<li>Atelier pratique sur g\u00e9n\u00e9rateur de flamme.<\/li>\n\n\n\n<li>Exercice pratique d&rsquo;\u00e9vacuation avec ou sans d\u00e9clenchement du SSI.<\/li>\n<\/ul>\n\n\n\n<div style=\"height:100px\" aria-hidden=\"true\" class=\"wp-block-spacer\"><\/div>\n\n\n\n<p class=\"has-text-align-center\">Le contenu et le d\u00e9roul\u00e9 de la formation sont adapt\u00e9s \u00e0 vos besoins et vos attentes.<\/p>\n\n\n\n<p class=\"has-text-align-center\">Aucun pr\u00e9-requis n&rsquo;est n\u00e9cessaire pour participer \u00e0 ce stage.<\/p>\n\n\n\n<div class=\"wp-block-buttons has-white-background-color has-background is-content-justification-center is-layout-flex wp-container-core-buttons-is-layout-16018d1d wp-block-buttons-is-layout-flex\">\n<div class=\"wp-block-button is-style-fill\"><a class=\"wp-block-button__link has-vivid-cyan-blue-background-color has-background wp-element-button\" href=\"https:\/\/formationsavoie.com\/index.php\/contact\/\">Nous contacter<\/a><\/div>\n<\/div>\n\n\n\n<p><\/p>\n","protected":false},"excerpt":{"rendered":"<p>\u00e9quipier de premi\u00e8re intervention Objectifs de la formation: Afin de pr\u00e9server le capital humain et votre outil de travail, vous serez capable de ma\u00eetriser un d\u00e9part de feu, proc\u00e9der \u00e0 l&rsquo;\u00e9vacuation et favoriser l&rsquo;intervention des secours, tout en appliquant les <a href=\"https:\/\/formationsavoie.com\/index.php\/equipier-de-premier-intervention\/\" class=\"read-more\">Read More &#8230;<\/a><\/p>\n","protected":false},"author":1,"featured_media":0,"parent":0,"menu_order":0,"comment_status":"closed","ping_status":"closed","template":"","meta":{"footnotes":""},"class_list":["post-69","page","type-page","status-publish","hentry"],"_links":{"self":[{"href":"https:\/\/formationsavoie.com\/index.php\/wp-json\/wp\/v2\/pages\/69","targetHints":{"allow":["GET"]}}],"collection":[{"href":"https:\/\/formationsavoie.com\/index.php\/wp-json\/wp\/v2\/pages"}],"about":[{"href":"https:\/\/formationsavoie.com\/index.php\/wp-json\/wp\/v2\/types\/page"}],"author":[{"embeddable":true,"href":"https:\/\/formationsavoie.com\/index.php\/wp-json\/wp\/v2\/users\/1"}],"replies":[{"embeddable":true,"href":"https:\/\/formationsavoie.com\/index.php\/wp-json\/wp\/v2\/comments?post=69"}],"version-history":[{"count":21,"href":"https:\/\/formationsavoie.com\/index.php\/wp-json\/wp\/v2\/pages\/69\/revisions"}],"predecessor-version":[{"id":181,"href":"https:\/\/formationsavoie.com\/index.php\/wp-json\/wp\/v2\/pages\/69\/revisions\/181"}],"wp:attachment":[{"href":"https:\/\/formationsavoie.com\/index.php\/wp-json\/wp\/v2\/media?parent=69"}],"curies":[{"name":"wp","href":"https:\/\/api.w.org\/{rel}","templated":true}]}}