{"id":86,"date":"2025-10-26T09:41:03","date_gmt":"2025-10-26T09:41:03","guid":{"rendered":"https:\/\/formationsavoie.com\/?page_id=86"},"modified":"2026-03-27T08:59:10","modified_gmt":"2026-03-27T08:59:10","slug":"porter-secours","status":"publish","type":"page","link":"https:\/\/formationsavoie.com\/index.php\/porter-secours\/","title":{"rendered":"Porter secours"},"content":{"rendered":"\n<h2 class=\"wp-block-heading has-text-align-center\"><strong>apprendre les gestes de premiers secours<\/strong><\/h2>\n\n\n<div class=\"wp-block-image\">\n<figure class=\"aligncenter size-full is-resized\"><img loading=\"lazy\" decoding=\"async\" width=\"850\" height=\"567\" src=\"https:\/\/formationsavoie.com\/wp-content\/uploads\/2025\/10\/gestes-premiers-secours.jpg\" alt=\"\" class=\"wp-image-90\" style=\"width:472px;height:auto\" srcset=\"https:\/\/formationsavoie.com\/wp-content\/uploads\/2025\/10\/gestes-premiers-secours.jpg 850w, https:\/\/formationsavoie.com\/wp-content\/uploads\/2025\/10\/gestes-premiers-secours-300x200.jpg 300w, https:\/\/formationsavoie.com\/wp-content\/uploads\/2025\/10\/gestes-premiers-secours-768x512.jpg 768w\" sizes=\"auto, (max-width: 850px) 100vw, 850px\" \/><\/figure>\n<\/div>\n\n\n<div style=\"height:100px\" aria-hidden=\"true\" class=\"wp-block-spacer\"><\/div>\n\n\n\n<p style=\"font-size:30px\"><mark style=\"background-color:#00d084\" class=\"has-inline-color\">Objectifs de la formation:<\/mark><\/p>\n\n\n\n<p>Apprendre \u00e0 r\u00e9agir face \u00e0 une situation d&rsquo;urgence tout en se prot\u00e9geant soi-m\u00eame et alerter les secours pour donner toutes les chances de survie \u00e0 la victime.<\/p>\n\n\n\n<p style=\"font-size:30px\"><mark style=\"background-color:#00d084\" class=\"has-inline-color\">D\u00e9roul\u00e9 de la formation:<\/mark><\/p>\n\n\n\n<p>La formation alterne des phases d&rsquo;apports th\u00e9oriques et des phases de pratique par les apprenants, sous la forme de mise en situation.<\/p>\n\n\n\n<p>Au programme:<\/p>\n\n\n\n<ul class=\"wp-block-list\">\n<li>La protection.<\/li>\n\n\n\n<li>L&rsquo;alerte.<\/li>\n\n\n\n<li>R\u00e9agir face \u00e0 ce qui tue en premier: le saignement abondant, l&rsquo;\u00e9touffement et la victime inconsciente.<\/li>\n\n\n\n<li>R\u00e9agir face \u00e0 une victime prise de malaise.<\/li>\n\n\n\n<li>R\u00e9agir face \u00e0 une victime pr\u00e9sentant une br\u00fblure, une plaie ou un traumatisme.<\/li>\n<\/ul>\n\n\n\n<div style=\"height:100px\" aria-hidden=\"true\" class=\"wp-block-spacer\"><\/div>\n\n\n\n<p class=\"has-text-align-center\">Le contenu et le d\u00e9roul\u00e9 de la formation sont adapt\u00e9s \u00e0 vos besoins et vos attentes.<\/p>\n\n\n\n<p class=\"has-text-align-center\">Aucun pr\u00e9-requis n\u2019est n\u00e9cessaire pour participer \u00e0 ce stage.<\/p>\n\n\n\n<div class=\"wp-block-buttons is-content-justification-center is-layout-flex wp-container-core-buttons-is-layout-16018d1d wp-block-buttons-is-layout-flex\">\n<div class=\"wp-block-button\"><a class=\"wp-block-button__link has-vivid-cyan-blue-background-color has-background wp-element-button\" href=\"https:\/\/formationsavoie.com\/index.php\/contact\/\">Nous contacter<\/a><\/div>\n<\/div>\n","protected":false},"excerpt":{"rendered":"<p>apprendre les gestes de premiers secours Objectifs de la formation: Apprendre \u00e0 r\u00e9agir face \u00e0 une situation d&rsquo;urgence tout en se prot\u00e9geant soi-m\u00eame et alerter les secours pour donner toutes les chances de survie \u00e0 la victime. D\u00e9roul\u00e9 de la <a href=\"https:\/\/formationsavoie.com\/index.php\/porter-secours\/\" class=\"read-more\">Read More &#8230;<\/a><\/p>\n","protected":false},"author":1,"featured_media":0,"parent":0,"menu_order":0,"comment_status":"closed","ping_status":"closed","template":"","meta":{"footnotes":""},"class_list":["post-86","page","type-page","status-publish","hentry"],"_links":{"self":[{"href":"https:\/\/formationsavoie.com\/index.php\/wp-json\/wp\/v2\/pages\/86","targetHints":{"allow":["GET"]}}],"collection":[{"href":"https:\/\/formationsavoie.com\/index.php\/wp-json\/wp\/v2\/pages"}],"about":[{"href":"https:\/\/formationsavoie.com\/index.php\/wp-json\/wp\/v2\/types\/page"}],"author":[{"embeddable":true,"href":"https:\/\/formationsavoie.com\/index.php\/wp-json\/wp\/v2\/users\/1"}],"replies":[{"embeddable":true,"href":"https:\/\/formationsavoie.com\/index.php\/wp-json\/wp\/v2\/comments?post=86"}],"version-history":[{"count":14,"href":"https:\/\/formationsavoie.com\/index.php\/wp-json\/wp\/v2\/pages\/86\/revisions"}],"predecessor-version":[{"id":179,"href":"https:\/\/formationsavoie.com\/index.php\/wp-json\/wp\/v2\/pages\/86\/revisions\/179"}],"wp:attachment":[{"href":"https:\/\/formationsavoie.com\/index.php\/wp-json\/wp\/v2\/media?parent=86"}],"curies":[{"name":"wp","href":"https:\/\/api.w.org\/{rel}","templated":true}]}}