{"id":94,"date":"2025-10-26T09:47:29","date_gmt":"2025-10-26T09:47:29","guid":{"rendered":"https:\/\/formationsavoie.com\/?page_id=94"},"modified":"2026-03-27T08:59:49","modified_gmt":"2026-03-27T08:59:49","slug":"qui-sommes-nous","status":"publish","type":"page","link":"https:\/\/formationsavoie.com\/","title":{"rendered":"Qui sommes nous?"},"content":{"rendered":"\n<p class=\"has-text-align-center\">Fort d&rsquo;une solide exp\u00e9rience dans le domaine de la s\u00e9curit\u00e9 civile, je constate au quotidien les limites de notre syst\u00e8me. Ce n&rsquo;est plus un secret, la formation de premiers intervenants, fait toute la diff\u00e9rence lors d&rsquo;un sinistre.<\/p>\n\n\n\n<p class=\"has-text-align-center\">Belladone Consulting est n\u00e9 de ce constat!<\/p>\n\n\n\n<p class=\"has-text-align-center\">Depuis de nombreuses ann\u00e9es, je mets \u00e0 profit mes comp\u00e9tences et mon savoir-faire, acquis au cours de mes exp\u00e9riences dans le public comme le priv\u00e9, au profit des autres. Le partage, la transmission et les relations humaines sont les trois caract\u00e9ristiques qui me motivent en tant que formateur.<\/p>\n\n\n\n<p class=\"has-text-align-center\">Belladone Consulting vous propose tout un \u00e9ventail de formations sur mesures, dans le domaine de l&rsquo;incendie, de l&rsquo;\u00e9vacuation ou encore des premiers secours, afin que vos \u00e9quipes puissent faire face \u00e0 une situation d&rsquo;urgence.<\/p>\n\n\n\n<div class=\"wp-block-buttons is-content-justification-center is-layout-flex wp-container-core-buttons-is-layout-16018d1d wp-block-buttons-is-layout-flex\">\n<div class=\"wp-block-button is-style-fill\"><a class=\"wp-block-button__link has-vivid-cyan-blue-background-color has-background has-text-align-center wp-element-button\" href=\"https:\/\/formationsavoie.com\/index.php\/contact\/\">Nous contacter<\/a><\/div>\n<\/div>\n","protected":false},"excerpt":{"rendered":"<p>Fort d&rsquo;une solide exp\u00e9rience dans le domaine de la s\u00e9curit\u00e9 civile, je constate au quotidien les limites de notre syst\u00e8me. Ce n&rsquo;est plus un secret, la formation de premiers intervenants, fait toute la diff\u00e9rence lors d&rsquo;un sinistre. Belladone Consulting est <a href=\"https:\/\/formationsavoie.com\/\" class=\"read-more\">Read More &#8230;<\/a><\/p>\n","protected":false},"author":1,"featured_media":0,"parent":0,"menu_order":0,"comment_status":"closed","ping_status":"closed","template":"","meta":{"footnotes":""},"class_list":["post-94","page","type-page","status-publish","hentry"],"_links":{"self":[{"href":"https:\/\/formationsavoie.com\/index.php\/wp-json\/wp\/v2\/pages\/94","targetHints":{"allow":["GET"]}}],"collection":[{"href":"https:\/\/formationsavoie.com\/index.php\/wp-json\/wp\/v2\/pages"}],"about":[{"href":"https:\/\/formationsavoie.com\/index.php\/wp-json\/wp\/v2\/types\/page"}],"author":[{"embeddable":true,"href":"https:\/\/formationsavoie.com\/index.php\/wp-json\/wp\/v2\/users\/1"}],"replies":[{"embeddable":true,"href":"https:\/\/formationsavoie.com\/index.php\/wp-json\/wp\/v2\/comments?post=94"}],"version-history":[{"count":8,"href":"https:\/\/formationsavoie.com\/index.php\/wp-json\/wp\/v2\/pages\/94\/revisions"}],"predecessor-version":[{"id":180,"href":"https:\/\/formationsavoie.com\/index.php\/wp-json\/wp\/v2\/pages\/94\/revisions\/180"}],"wp:attachment":[{"href":"https:\/\/formationsavoie.com\/index.php\/wp-json\/wp\/v2\/media?parent=94"}],"curies":[{"name":"wp","href":"https:\/\/api.w.org\/{rel}","templated":true}]}}